{"id":632,"date":"2022-03-21T07:42:33","date_gmt":"2022-03-21T07:42:33","guid":{"rendered":"http:\/\/peand.co\/?page_id=632"},"modified":"2023-05-16T16:15:26","modified_gmt":"2023-05-16T13:15:26","slug":"home","status":"publish","type":"page","link":"https:\/\/peand.co\/","title":{"rendered":"People &#038; Communication"},"content":{"rendered":"\n\n\t<h1>\n\t\t\t\t\tE\u011fitim\n\t\t\t\t<\/h1>\n\t<h1>\n\t\t\t\t\t\u0130\u015fe Al\u0131m\n\t\t\t\t<\/h1>\n\t<h1>\n\t\t\t\t\t360\u00b0 \u0130leti\u015fim\n\t\t\t\t<\/h1>\n\t<h5>\n\t\t\t\t\t\u015eirketinizi y\u00fcksek potansiyele ula\u015ft\u0131rmak ve \u0130leriye ta\u015f\u0131mak \u0130\u00e7in \u0130htiya\u00e7lar\u0131n\u0131za y\u00f6nelik yenilik\u00e7i ve h\u0131zl\u0131 \u00e7\u00f6z\u00fcmler \u00fcretiyoruz.\n\t\t\t\t<\/h5>\n\t\t\t<a href=\"https:\/\/peand.co\/?page_id=637\" target=\"_self\" role=\"button\" rel=\"noopener\">\n\t\t\t\t\t\t\u0130leti\u015fime Ge\u00e7\n\t\t<\/a>\n\t\t\t<a href=\"https:\/\/peand.co\/?page_id=634\" target=\"_self\" role=\"button\" rel=\"noopener\">\n\t\t\t\t\t\tHizmetlerimiz\n\t\t<\/a>\n\t<ul>\n\t\t<li>\t\t\t\t\n\t\tYenilik\u00e7i<\/li>\t<\/ul>\n\t<ul>\n\t\t<li>\t\t\t\t\n\t\tProfesyonel<\/li>\t<\/ul>\n\t<ul>\n\t\t<li>\t\t\t\t\n\t\tH\u0131zl\u0131<\/li>\t<\/ul>\n\t\t\t\t<img src=\"https:\/\/peand.co\/wp-content\/uploads\/2022\/12\/anasayfa-kadin-600-884-copy-2.png\" alt=\"anasayfa-kad\u0131n-600-884 copy 2\" itemprop=\"image\"\/>\n\t<h6>\n\t\t\t\t\tHizmetlerimiz\n\t\t\t\t<\/h6>\n\t<h2>\n\t\t\t\t\tNeler Yap\u0131yoruz?\n\t\t\t\t<\/h2>\n\t\t\t<p>\u015eirketinizi y\u00fcksek potansiyele ula\u015ft\u0131rmak ve ileriye ta\u015f\u0131mak i\u00e7in ihtiya\u00e7lar\u0131n\u0131za y\u00f6nelik yenilik\u00e7i ve h\u0131zl\u0131 \u00e7\u00f6z\u00fcmler \u00fcretiyoruz.<\/p>\n\t\t\t\t<img src=\"http:\/\/peand.co\/wp-content\/uploads\/2022\/12\/ise-alim-full-640-426.jpg\" alt=\"i\u015fe al\u0131m-full-640-426\" itemprop=\"image\"\/>\n\t<h5>\n\t\t\t\t\t01.\n\t\t\t\t<\/h5>\n\t<h3>\n\t\t\t\t\t\u0130\u015fe Al\u0131m &#038; De\u011ferlendirme\n\t\t\t\t<\/h3>\n\t\t\t<p>Kurumun en \u00f6nemli de\u011feri olan g\u00fc\u00e7l\u00fc liderleri ve y\u00fcksek potansiyele sahip yetenekleri buluyor ve do\u011fru i\u015fe en k\u0131sa s\u00fcrede yerle\u015ftirilmesine rehberlik ediyoruz. \u015eirketler i\u00e7in i\u015fe ve \u015firket k\u00fclt\u00fcr\u00fcne en uygun yetenekleri bulurken, \u00e7al\u0131\u015fanlar\u0131n da ki\u015fisel kariyer dan\u0131\u015fmanlar\u0131 olarak hareket ederek, uzun vadeli ili\u015fkiler kuruyoruz. Bu konudaki sorumlulu\u011fumuzu biliyor ve titizlikle \u00e7al\u0131\u015f\u0131yoruz. Adaylar\u0131 yerle\u015ftirirken adaptasyon s\u00fcre\u00e7lerine de destek oluyoruz.<\/p>\n\t\t\t<a href=\"https:\/\/peand.co\/?page_id=634\" target=\"_self\" role=\"button\" rel=\"noopener\">\n\t\t\t\t\t\tDetayl\u0131 Bilgi\n\t\t<\/a>\n\t<h5>\n\t\t\t\t\t02.\n\t\t\t\t<\/h5>\n\t<h3>\n\t\t\t\t\tE\u011fitim &#038; Geli\u015fim\n\t\t\t\t<\/h3>\n\t\t\t<p>\u00c7al\u0131\u015fanlar\u0131n\u0131z\u0131n geli\u015fimi noktas\u0131nda, konusunda uzman profesyonel e\u011fitim dan\u0131\u015fmanlar\u0131m\u0131zla kurum i\u00e7in kritik noktalar\u0131 belirliyor ve \u00e7\u00f6z\u00fcm unsurlar\u0131n\u0131n olu\u015fturulmas\u0131na katk\u0131 sa\u011fmak amac\u0131 ile e\u011fitimlerimizi kurguluyoruz . Amac\u0131m\u0131z, en uygun i\u00e7erikle; heyecanland\u0131ran, \u00e7\u00f6z\u00fcm \u00fcreten, yarat\u0131c\u0131 ve kal\u0131c\u0131 bilgiyi i\u015f d\u00fcnyas\u0131n\u0131n profesyonellerine aktarmak.<\/p>\n\t\t\t<a href=\"https:\/\/peand.co\/?page_id=634\" target=\"_self\" role=\"button\" rel=\"noopener\">\n\t\t\t\t\t\tDetayl\u0131 Bilgi\n\t\t<\/a>\n\t\t\t\t<img src=\"http:\/\/peand.co\/wp-content\/uploads\/2022\/12\/egitim-full-640-426-1.jpg\" alt=\"egitim-full-640-426\" itemprop=\"image\"\/>\n\t\t\t\t<img src=\"http:\/\/peand.co\/wp-content\/uploads\/2022\/12\/INSAN-KAYNAK-YON-DAN-2-full-640-426.jpg\" alt=\"\u0130NSAN KAYNAK Y\u00d6N DAN 2-full-640-426\" itemprop=\"image\"\/>\n\t<h5>\n\t\t\t\t\t03.\n\t\t\t\t<\/h5>\n\t<h3>\n\t\t\t\t\t360\u00b0 Marka \u0130leti\u015fimi\n\t\t\t\t<\/h3>\n\t\t\t<p>\u0130\u00e7inde bulundu\u011fumuz y\u00fczy\u0131l\u0131n g\u00f6r\u00fcnen y\u00fcz\u00fc olan bas\u0131nda ve sosyal medyada markalar\u0131n t\u00fcketici ile olan ileti\u015fimini direkt olarak y\u00fcr\u00fctebilmesini, hali haz\u0131rda var olan g\u00fcc\u00fcn\u00fc katlayabilmesini, sergiledi\u011fi duru\u015f ve eyleme ge\u00e7irdi\u011fi fiillerle kendini do\u011fru ifade edebilmesini sa\u011flamak i\u00e7in destek veriyoruz.<\/p>\n\t\t\t<a href=\"https:\/\/peand.co\/?page_id=634\" target=\"_self\" role=\"button\" rel=\"noopener\">\n\t\t\t\t\t\tDetayl\u0131 Bilgi\n\t\t<\/a>\n\t<h6>\n\t\t\t\t\tReferanslar\n\t\t\t\t<\/h6>\n\t<h2>\n\t\t\t\t\tM\u00fc\u015fterilerimiz Neler S\u00f6yl\u00fcyor?\n\t\t\t\t<\/h2>\n\t<p><strong>ICF onayl\u0131 ko\u00e7lar\u0131ndan Kariyer Ko\u00e7lu\u011fu ald\u0131m. \u0130\u015f hayat\u0131mda her an ald\u0131\u011f\u0131m dan\u0131\u015fmanl\u0131\u011f\u0131n faydas\u0131n\u0131 g\u00f6r\u00fcyorum. Te\u015fekk\u00fcrler..<\/strong><\/p>\n\t<h5>\n\t\t\t\t\tHakan Ko\u00e7arslan\n\t\t\t\t<\/h5>\n\t\t\t<p>Director at Dynamic<\/p>\n\t<p><strong>ICF onayl\u0131 ko\u00e7lar\u0131ndan Kariyer Ko\u00e7lu\u011fu ald\u0131m. \u0130\u015f hayat\u0131mda her an ald\u0131\u011f\u0131m dan\u0131\u015fmanl\u0131\u011f\u0131n faydas\u0131n\u0131 g\u00f6r\u00fcyorum. Te\u015fekk\u00fcrler..<\/strong><\/p>\n\t<h5>\n\t\t\t\t\tHakan Ko\u00e7arslan\n\t\t\t\t<\/h5>\n\t\t\t<p>Director at Dynamic<\/p>\n\t<p><strong>pe&amp;co taraf\u0131ndan geli\u015fim alanlar\u0131m\u0131z tespit edildi ve bize uygun e\u011fitimler kurguland\u0131. Eme\u011fi ge\u00e7en herkese te\u015fekk\u00fcrler!<\/strong><\/p>\n\t<h5>\n\t\t\t\t\tElif Vardarl\u0131\n\t\t\t\t<\/h5>\n\t\t\t<p>Director at Initech<\/p>\n\n","protected":false},"excerpt":{"rendered":"<p>E\u011fitim \u0130\u015fe Al\u0131m 360\u00b0 \u0130leti\u015fim \u015eirketinizi y\u00fcksek potansiyele ula\u015ft\u0131rmak ve \u0130leriye ta\u015f\u0131mak \u0130\u00e7in \u0130htiya\u00e7lar\u0131n\u0131za y\u00f6nelik yenilik\u00e7i ve h\u0131zl\u0131 \u00e7\u00f6z\u00fcmler \u00fcretiyoruz. \u0130leti\u015fime Ge\u00e7 Hizmetlerimiz Yenilik\u00e7i Profesyonel H\u0131zl\u0131 Hizmetlerimiz Neler Yap\u0131yoruz? \u015eirketinizi y\u00fcksek potansiyele ula\u015ft\u0131rmak ve ileriye ta\u015f\u0131mak i\u00e7in ihtiya\u00e7lar\u0131n\u0131za y\u00f6nelik yenilik\u00e7i ve h\u0131zl\u0131 \u00e7\u00f6z\u00fcmler \u00fcretiyoruz. 01. \u0130\u015fe Al\u0131m &#038; De\u011ferlendirme Kurumun en \u00f6nemli de\u011feri olan g\u00fc\u00e7l\u00fc &hellip;<\/p>\n<p class=\"read-more\"> <a class=\"\" href=\"https:\/\/peand.co\/\"> <span class=\"screen-reader-text\">People &#038; Communication<\/span> Devam\u0131 &raquo;<\/a><\/p>\n","protected":false},"author":1,"featured_media":0,"parent":0,"menu_order":0,"comment_status":"closed","ping_status":"closed","template":"","meta":{"om_disable_all_campaigns":false,"_monsterinsights_skip_tracking":false,"_monsterinsights_sitenote_active":false,"_monsterinsights_sitenote_note":"","_monsterinsights_sitenote_category":0,"site-sidebar-layout":"no-sidebar","site-content-layout":"page-builder","ast-global-header-display":"","ast-main-header-display":"","ast-hfb-above-header-display":"","ast-hfb-below-header-display":"","ast-hfb-mobile-header-display":"","site-post-title":"disabled","ast-breadcrumbs-content":"","ast-featured-img":"disabled","footer-sml-layout":"","theme-transparent-header-meta":"enabled","adv-header-id-meta":"","stick-header-meta":"","header-above-stick-meta":"","header-main-stick-meta":"","header-below-stick-meta":""},"aioseo_notices":[],"_links":{"self":[{"href":"https:\/\/peand.co\/index.php?rest_route=\/wp\/v2\/pages\/632"}],"collection":[{"href":"https:\/\/peand.co\/index.php?rest_route=\/wp\/v2\/pages"}],"about":[{"href":"https:\/\/peand.co\/index.php?rest_route=\/wp\/v2\/types\/page"}],"author":[{"embeddable":true,"href":"https:\/\/peand.co\/index.php?rest_route=\/wp\/v2\/users\/1"}],"replies":[{"embeddable":true,"href":"https:\/\/peand.co\/index.php?rest_route=%2Fwp%2Fv2%2Fcomments&post=632"}],"version-history":[{"count":41,"href":"https:\/\/peand.co\/index.php?rest_route=\/wp\/v2\/pages\/632\/revisions"}],"predecessor-version":[{"id":1008,"href":"https:\/\/peand.co\/index.php?rest_route=\/wp\/v2\/pages\/632\/revisions\/1008"}],"wp:attachment":[{"href":"https:\/\/peand.co\/index.php?rest_route=%2Fwp%2Fv2%2Fmedia&parent=632"}],"curies":[{"name":"wp","href":"https:\/\/api.w.org\/{rel}","templated":true}]}}