{"id":634,"date":"2022-03-21T07:42:33","date_gmt":"2022-03-21T07:42:33","guid":{"rendered":"http:\/\/peand.co\/?page_id=634"},"modified":"2023-05-16T16:33:26","modified_gmt":"2023-05-16T13:33:26","slug":"services","status":"publish","type":"page","link":"https:\/\/peand.co\/?page_id=634","title":{"rendered":"Hizmetlerimiz"},"content":{"rendered":"\n\n\t<h1>\n\t\t\t\t\tHizmetlerimiz\n\t\t\t\t<\/h1>\n\t\t\t\t<img src=\"http:\/\/peand.co\/wp-content\/uploads\/2022\/12\/ise-alim2-full-640-426.jpg\" alt=\"i\u015fe al\u0131m2-full-640-426\" itemprop=\"image\"\/>\n\t<h3>\n\t\t\t\t\t\u0130\u015fe Al\u0131m &#038; De\u011ferlendirme\n\t\t\t\t<\/h3>\n\t<h5>\n\t\t\t\t\tG\u00fcc\u00fcm\u00fcz\u00fc;\n\t\t\t\t<\/h5>\n\t\t\t<p>\u2022 Uzun vadeli ortakl\u0131k anlay\u0131\u015f\u0131m\u0131zdan,<br \/>\u2022 \u00c7ok iyi bir dinleyici olmam\u0131z ve kuvvetli analiz yetene\u011fimizden,<br \/>\u2022 Etkin i\u015fe al\u0131m metodolojimizden,<br \/>\u2022 Deneyimli, i\u015flerine tutkuyla ba\u011fl\u0131 dan\u0131\u015fmanlar\u0131m\u0131zdan al\u0131yoruz.<\/p>\n\t<h3>\n\t\t\t\t\tE\u011fitim &#038; Geli\u015fim\n\t\t\t\t<\/h3>\n\t<h5>\n\t\t\t\t\tKurumsal E\u011fitimler\n\t\t\t\t<\/h5>\n\t\t\t<p>\u0130leti\u015fim katalo\u011fumuzu incelemek ve detayl\u0131 bilgi almak i\u00e7in bizimle ileti\u015fime ge\u00e7in!<\/p>\n\t\t\t\t<img src=\"http:\/\/peand.co\/wp-content\/uploads\/2022\/12\/egitim-full-640-426.jpg\" alt=\"egitim-full-640-426\" itemprop=\"image\"\/>\n\t\t\t\t<img src=\"http:\/\/peand.co\/wp-content\/uploads\/2022\/12\/INSAN-KAYNAK-YON-DAN-full-640-426.jpg\" alt=\"\u0130NSAN KAYNAK Y\u00d6N DAN-full-640-426\" itemprop=\"image\"\/>\n\t<h3>\n\t\t\t\t\t360\u00b0 Marka \u0130leti\u015fimi\n\t\t\t\t<\/h3>\n\t<h5>\n\t\t\t\t\tS\u00fcre\u00e7lerimiz;\n\t\t\t\t<\/h5>\n\t\t\t<p>Sosyal Medya Y\u00f6netimi<\/p>\n<p>Kurumsal Kimlik \u00c7al\u0131\u015fmalar\u0131<\/p>\n<p>Kriz ileti\u015fimi &amp; \u0130tibar Y\u00f6netimi<\/p>\n<p>Sponsorluk S\u00fcre\u00e7leri<\/p>\n<p>M\u00fc\u015fteri Hizmetlerinin \u0130leti\u015fim Strajetisi<\/p>\n<p>Kurumsal Sosyal Sorumluluk Projeleri<\/p>\n<p>Lansman S\u00fcre\u00e7leri<\/p>\n<p>Medya Sat\u0131n Alma ve PR S\u00fcre\u00e7leri\u00a0<\/p>\n<p>Prod\u00fcksiyon Destekleri<\/p>\n<p>Metaverse<\/p>\n<p>SEO<\/p>\n<p>Dijital Pazarlama<\/p>\n\n","protected":false},"excerpt":{"rendered":"<p>Hizmetlerimiz \u0130\u015fe Al\u0131m &#038; De\u011ferlendirme G\u00fcc\u00fcm\u00fcz\u00fc; \u2022 Uzun vadeli ortakl\u0131k anlay\u0131\u015f\u0131m\u0131zdan,\u2022 \u00c7ok iyi bir dinleyici olmam\u0131z ve kuvvetli analiz yetene\u011fimizden,\u2022 Etkin i\u015fe al\u0131m metodolojimizden,\u2022 Deneyimli, i\u015flerine tutkuyla ba\u011fl\u0131 dan\u0131\u015fmanlar\u0131m\u0131zdan al\u0131yoruz. E\u011fitim &#038; Geli\u015fim Kurumsal E\u011fitimler \u0130leti\u015fim katalo\u011fumuzu incelemek ve detayl\u0131 bilgi almak i\u00e7in bizimle ileti\u015fime ge\u00e7in! 360\u00b0 Marka \u0130leti\u015fimi S\u00fcre\u00e7lerimiz; Sosyal Medya Y\u00f6netimi Kurumsal Kimlik &hellip;<\/p>\n<p class=\"read-more\"> <a class=\"\" href=\"https:\/\/peand.co\/?page_id=634\"> <span class=\"screen-reader-text\">Hizmetlerimiz<\/span> Devam\u0131 &raquo;<\/a><\/p>\n","protected":false},"author":1,"featured_media":0,"parent":0,"menu_order":0,"comment_status":"closed","ping_status":"closed","template":"","meta":{"om_disable_all_campaigns":false,"_monsterinsights_skip_tracking":false,"_monsterinsights_sitenote_active":false,"_monsterinsights_sitenote_note":"","_monsterinsights_sitenote_category":0,"site-sidebar-layout":"no-sidebar","site-content-layout":"page-builder","ast-global-header-display":"","ast-main-header-display":"","ast-hfb-above-header-display":"","ast-hfb-below-header-display":"","ast-hfb-mobile-header-display":"","site-post-title":"disabled","ast-breadcrumbs-content":"","ast-featured-img":"disabled","footer-sml-layout":"","theme-transparent-header-meta":"enabled","adv-header-id-meta":"","stick-header-meta":"","header-above-stick-meta":"","header-main-stick-meta":"","header-below-stick-meta":""},"aioseo_notices":[],"_links":{"self":[{"href":"https:\/\/peand.co\/index.php?rest_route=\/wp\/v2\/pages\/634"}],"collection":[{"href":"https:\/\/peand.co\/index.php?rest_route=\/wp\/v2\/pages"}],"about":[{"href":"https:\/\/peand.co\/index.php?rest_route=\/wp\/v2\/types\/page"}],"author":[{"embeddable":true,"href":"https:\/\/peand.co\/index.php?rest_route=\/wp\/v2\/users\/1"}],"replies":[{"embeddable":true,"href":"https:\/\/peand.co\/index.php?rest_route=%2Fwp%2Fv2%2Fcomments&post=634"}],"version-history":[{"count":16,"href":"https:\/\/peand.co\/index.php?rest_route=\/wp\/v2\/pages\/634\/revisions"}],"predecessor-version":[{"id":1010,"href":"https:\/\/peand.co\/index.php?rest_route=\/wp\/v2\/pages\/634\/revisions\/1010"}],"wp:attachment":[{"href":"https:\/\/peand.co\/index.php?rest_route=%2Fwp%2Fv2%2Fmedia&parent=634"}],"curies":[{"name":"wp","href":"https:\/\/api.w.org\/{rel}","templated":true}]}}