{"id":636,"date":"2022-03-21T07:42:33","date_gmt":"2022-03-21T07:42:33","guid":{"rendered":"http:\/\/peand.co\/?page_id=636"},"modified":"2023-01-12T18:38:11","modified_gmt":"2023-01-12T15:38:11","slug":"testimonials","status":"publish","type":"page","link":"https:\/\/peand.co\/?page_id=636","title":{"rendered":"Referanslar\u0131m\u0131z"},"content":{"rendered":"\n\n\t<h6>\n\t\t\t\t\t\u0130\u015f Ortaklar\u0131m\u0131z\u0131n g\u00f6z\u00fcnden biz\n\t\t\t\t<\/h6>\n\t<h1>\n\t\t\t\t\tReferanslar\u0131m\u0131z\n\t\t\t\t<\/h1>\n\t<p>Click edit button to change this text. Lorem ipsum dolor sit amet, consectetur adipiscing elit. Ut elit tellus, luctus nec ullamcorper mattis, pulvinar dapibus leo.<\/p>\n\t<h5>\n\t\t\t\t\tAmanda Lee\n\t\t\t\t<\/h5>\n\t\t\t<p>CEO &amp; Founder Crix<\/p>\n\t<p>Click edit button to change this text. Lorem ipsum dolor sit amet, consectetur adipiscing elit. Ut elit tellus, luctus nec ullamcorper mattis, pulvinar dapibus leo.<\/p>\n\t<h5>\n\t\t\t\t\tTimothy Stevens\n\t\t\t\t<\/h5>\n\t\t\t<p>Director at Dynamic<\/p>\n\t<p>Click edit button to change this text. Lorem ipsum dolor sit amet, consectetur adipiscing elit. Ut elit tellus, luctus nec ullamcorper mattis, pulvinar dapibus leo.<\/p>\n\t<h5>\n\t\t\t\t\tCatherine Gilbert\n\t\t\t\t<\/h5>\n\t\t\t<p>Director at Initech<\/p>\n\t<p>Click edit button to change this text. Lorem ipsum dolor sit amet, consectetur adipiscing elit. Ut elit tellus, luctus nec ullamcorper mattis, pulvinar dapibus leo.<\/p>\n\t<h5>\n\t\t\t\t\tNicole Peterson\n\t\t\t\t<\/h5>\n\t\t\t<p>President at Acme<\/p>\n\t<p>Click edit button to change this text. Lorem ipsum dolor sit amet, consectetur adipiscing elit. Ut elit tellus, luctus nec ullamcorper mattis, pulvinar dapibus leo.<\/p>\n\t<h5>\n\t\t\t\t\tJose Johnson\n\t\t\t\t<\/h5>\n\t\t\t<p>CEO at Globex<\/p>\n\t<p>Click edit button to change this text. Lorem ipsum dolor sit amet, consectetur adipiscing elit. Ut elit tellus, luctus nec ullamcorper mattis, pulvinar dapibus leo.<\/p>\n\t<h5>\n\t\t\t\t\tBenjamin Patel\n\t\t\t\t<\/h5>\n\t\t\t<p>CFO at Soylent<\/p>\n\t<p>Click edit button to change this text. Lorem ipsum dolor sit amet, consectetur adipiscing elit. Ut elit tellus, luctus nec ullamcorper mattis, pulvinar dapibus leo.<\/p>\n\t<h5>\n\t\t\t\t\tRebecca Harrison\n\t\t\t\t<\/h5>\n\t\t\t<p>President at Hooli<\/p>\n\t<p>Click edit button to change this text. Lorem ipsum dolor sit amet, consectetur adipiscing elit. Ut elit tellus, luctus nec ullamcorper mattis, pulvinar dapibus leo.<\/p>\n\t<h5>\n\t\t\t\t\tSarah Sanchez\n\t\t\t\t<\/h5>\n\t\t\t<p>CEO &amp; Founder Vehement<\/p>\n\t<p>Click edit button to change this text. Lorem ipsum dolor sit amet, consectetur adipiscing elit. Ut elit tellus, luctus nec ullamcorper mattis, pulvinar dapibus leo.<\/p>\n\t<h5>\n\t\t\t\t\tMike Doe\n\t\t\t\t<\/h5>\n\t\t\t<p>Director at Lipsum<\/p>\n\n","protected":false},"excerpt":{"rendered":"<p>\u0130\u015f Ortaklar\u0131m\u0131z\u0131n g\u00f6z\u00fcnden biz Referanslar\u0131m\u0131z Click edit button to change this text. Lorem ipsum dolor sit amet, consectetur adipiscing elit. Ut elit tellus, luctus nec ullamcorper mattis, pulvinar dapibus leo. Amanda Lee CEO &amp; Founder Crix Click edit button to change this text. Lorem ipsum dolor sit amet, consectetur adipiscing elit. Ut elit tellus, luctus &hellip;<\/p>\n<p class=\"read-more\"> <a class=\"\" href=\"https:\/\/peand.co\/?page_id=636\"> <span class=\"screen-reader-text\">Referanslar\u0131m\u0131z<\/span> Devam\u0131 &raquo;<\/a><\/p>\n","protected":false},"author":1,"featured_media":0,"parent":0,"menu_order":0,"comment_status":"closed","ping_status":"closed","template":"","meta":{"om_disable_all_campaigns":false,"_monsterinsights_skip_tracking":false,"_monsterinsights_sitenote_active":false,"_monsterinsights_sitenote_note":"","_monsterinsights_sitenote_category":0,"site-sidebar-layout":"no-sidebar","site-content-layout":"page-builder","ast-global-header-display":"","ast-main-header-display":"","ast-hfb-above-header-display":"","ast-hfb-below-header-display":"","ast-hfb-mobile-header-display":"","site-post-title":"disabled","ast-breadcrumbs-content":"","ast-featured-img":"disabled","footer-sml-layout":"","theme-transparent-header-meta":"enabled","adv-header-id-meta":"","stick-header-meta":"","header-above-stick-meta":"","header-main-stick-meta":"","header-below-stick-meta":""},"aioseo_notices":[],"_links":{"self":[{"href":"https:\/\/peand.co\/index.php?rest_route=\/wp\/v2\/pages\/636"}],"collection":[{"href":"https:\/\/peand.co\/index.php?rest_route=\/wp\/v2\/pages"}],"about":[{"href":"https:\/\/peand.co\/index.php?rest_route=\/wp\/v2\/types\/page"}],"author":[{"embeddable":true,"href":"https:\/\/peand.co\/index.php?rest_route=\/wp\/v2\/users\/1"}],"replies":[{"embeddable":true,"href":"https:\/\/peand.co\/index.php?rest_route=%2Fwp%2Fv2%2Fcomments&post=636"}],"version-history":[{"count":13,"href":"https:\/\/peand.co\/index.php?rest_route=\/wp\/v2\/pages\/636\/revisions"}],"predecessor-version":[{"id":958,"href":"https:\/\/peand.co\/index.php?rest_route=\/wp\/v2\/pages\/636\/revisions\/958"}],"wp:attachment":[{"href":"https:\/\/peand.co\/index.php?rest_route=%2Fwp%2Fv2%2Fmedia&parent=636"}],"curies":[{"name":"wp","href":"https:\/\/api.w.org\/{rel}","templated":true}]}}