{"id":637,"date":"2022-03-21T07:42:33","date_gmt":"2022-03-21T07:42:33","guid":{"rendered":"http:\/\/peand.co\/?page_id=637"},"modified":"2023-01-12T19:00:05","modified_gmt":"2023-01-12T16:00:05","slug":"contact","status":"publish","type":"page","link":"https:\/\/peand.co\/?page_id=637","title":{"rendered":"\u0130leti\u015fim"},"content":{"rendered":"\n\n\t<h6>\n\t\t\t\t\tBizimle Temasa Ge\u00e7in\n\t\t\t\t<\/h6>\n\t<h1>\n\t\t\t\t\t\u0130leti\u015fim\n\t\t\t\t<\/h1>\n\t<h6>\n\t\t\t\t\tPe &#038; CO\n\t\t\t\t<\/h6>\n<h3>\n\t\t\u0130leti\u015fim Detaylar\u0131\n\t<\/h3>\n\t<ul>\n\t\t<li>\t\t\t\t\n\t\t<h5>Adres<\/h5><p>Ata\u015fehir, \u0130stanbul<\/p><\/li>\t<\/ul>\n\t<ul>\n\t\t<li>\t\t\t\t\n\t\t<h5>Email<\/h5><p>iletisim@peand.co<\/p><\/li>\t<\/ul>\n\t<h3>\n\t\t\t\t\tBizi Takip Edin\n\t\t\t\t<\/h3>\n\t<h6>\n\t\t\t\t\tDetayl\u0131 bilgi i\u00e7in\n\t\t\t\t<\/h6>\n<h3>\n\t\tBi&#8217; T\u0131k Uza\u011f\u0131n\u0131zday\u0131z!\n\t<\/h3>\n\n","protected":false},"excerpt":{"rendered":"<p>Bizimle Temasa Ge\u00e7in \u0130leti\u015fim Pe &#038; CO \u0130leti\u015fim Detaylar\u0131 Adres Ata\u015fehir, \u0130stanbul Email iletisim@peand.co Bizi Takip Edin Detayl\u0131 bilgi i\u00e7in Bi&#8217; T\u0131k Uza\u011f\u0131n\u0131zday\u0131z!<\/p>\n","protected":false},"author":1,"featured_media":0,"parent":0,"menu_order":0,"comment_status":"closed","ping_status":"closed","template":"","meta":{"om_disable_all_campaigns":false,"_monsterinsights_skip_tracking":false,"_monsterinsights_sitenote_active":false,"_monsterinsights_sitenote_note":"","_monsterinsights_sitenote_category":0,"site-sidebar-layout":"no-sidebar","site-content-layout":"page-builder","ast-global-header-display":"","ast-main-header-display":"","ast-hfb-above-header-display":"","ast-hfb-below-header-display":"","ast-hfb-mobile-header-display":"","site-post-title":"disabled","ast-breadcrumbs-content":"","ast-featured-img":"disabled","footer-sml-layout":"","theme-transparent-header-meta":"enabled","adv-header-id-meta":"","stick-header-meta":"","header-above-stick-meta":"","header-main-stick-meta":"","header-below-stick-meta":""},"aioseo_notices":[],"_links":{"self":[{"href":"https:\/\/peand.co\/index.php?rest_route=\/wp\/v2\/pages\/637"}],"collection":[{"href":"https:\/\/peand.co\/index.php?rest_route=\/wp\/v2\/pages"}],"about":[{"href":"https:\/\/peand.co\/index.php?rest_route=\/wp\/v2\/types\/page"}],"author":[{"embeddable":true,"href":"https:\/\/peand.co\/index.php?rest_route=\/wp\/v2\/users\/1"}],"replies":[{"embeddable":true,"href":"https:\/\/peand.co\/index.php?rest_route=%2Fwp%2Fv2%2Fcomments&post=637"}],"version-history":[{"count":19,"href":"https:\/\/peand.co\/index.php?rest_route=\/wp\/v2\/pages\/637\/revisions"}],"predecessor-version":[{"id":964,"href":"https:\/\/peand.co\/index.php?rest_route=\/wp\/v2\/pages\/637\/revisions\/964"}],"wp:attachment":[{"href":"https:\/\/peand.co\/index.php?rest_route=%2Fwp%2Fv2%2Fmedia&parent=637"}],"curies":[{"name":"wp","href":"https:\/\/api.w.org\/{rel}","templated":true}]}}